{"id":630,"date":"2022-10-05T19:24:13","date_gmt":"2022-10-05T19:24:13","guid":{"rendered":"https:\/\/naturalrefrigerants.ro\/int\/?page_id=630"},"modified":"2022-10-05T19:24:13","modified_gmt":"2022-10-05T19:24:13","slug":"politica-de-cookie-uri","status":"publish","type":"page","link":"https:\/\/naturalrefrigerants.ro\/int\/politica-de-cookie-uri\/","title":{"rendered":"Politica de cookie-uri"},"content":{"rendered":"\n<p>Prezenta politic\u0103 se refer\u0103 la cookie-urile \u0219i pagina web operat\u0103 de SC AB Tehnic Profesional SRL cu sediul \u00een Bucure\u0219ti, str Aluni\u0219ului, nr.164, sectorul 4.<\/p>\n\n\n\n<p><strong>Ce sunt cookie-urile?<\/strong><\/p>\n\n\n\n<p>Cookie-urile sunt fi\u0219iere de mici dimensiuni, formate din litere \u0219i numere, care vor fi stocate pe computerul, terminalul mobil sau orice alte echipamente ale unui utilizator de Internet. Cookie-urile sunt instalate prin solicitarea emis\u0103 de c\u0103tre terminalul utilizatorului c\u0103tre un server AB Tehnic Profesional sau c\u0103tre un server al unei ter\u021be p\u0103r\u021bi.<\/p>\n\n\n\n<p>Cookie-urile sunt instalate prin solicitarea emis\u0103 de c\u0103tre un web-server unui browser (ex: Internet Explorer, Chrome, Safari, etc.) \u0219i este complet \u201cpasiv\u201d (nu con\u021bine programe software, viru\u0219i sau spyware \u0219i nu poate accesa informa\u021biile de pe hard drive-ul utilizatorului).<\/p>\n\n\n\n<p>Un cookie este format din 2 p\u0103r\u021bi (numele \u0219i con\u021binutul sau valoarea cookie-ului) iar durata de existen\u021b\u0103 a unui cookie este determinat\u0103 din punct de vedere tehnic, de la caz la caz.<\/p>\n\n\n\n<p><strong>La ce sunt folosite cookie-urile?<\/strong><\/p>\n\n\n\n<p>Aceste fi\u0219iere fac posibil\u0103 \u00een principal recunoa\u0219terea terminalului utilizatorului \u0219i prezentarea con\u021binutului \u00eentr-un mod relevant, adaptat preferin\u021belor acestuia, av\u00e2nd totodat\u0103 \u0219i rolul de a facilita personalizarea anumitor set\u0103ri cum ar fi limba, \u021bara etc.<\/p>\n\n\n\n<p>Cookie-urile asigur\u0103 utilizatorilor o experien\u021b\u0103 pl\u0103cut\u0103 de navigare \u0219i sus\u021bin eforturile AB Tehnic Profesional pentru a oferi servicii adaptate pentru fiecare utilizator \u00een parte.<\/p>\n\n\n\n<p><strong>Tipurile de cookie-uri folosite<\/strong><\/p>\n\n\n\n<p>Atunci c\u00e2nd vizita\u021bi acest site, urm\u0103toarele tipuri de cookie-uri sunt folosite:<\/p>\n\n\n\n<ul class=\"wp-block-list\"><li><strong><em>Cookie-urile necesare<\/em><\/strong><\/li><\/ul>\n\n\n\n<p><strong>Lista &nbsp;cookie-urilor utilizate pe pagina web: www.abtehnic.ro:<\/strong><\/p>\n\n\n\n<ul class=\"wp-block-list\"><li><strong>Fi\u0219iere de tip cookie \u00een lipsa c\u0103rora buna func\u021bionare a site-ului este afectat\u0103:<\/strong>&nbsp;v\u0103 permit s\u0103 utiliza\u021bi func\u021biile de baz\u0103 ale site-ului. Aceste fi\u0219iere de tip cookie sunt indispensabile pentru folosirea \u00een bune condi\u021bii a site-ului;<\/li><li><strong>Cookie-uri pentru func\u021bionalitate&nbsp;\u2013&nbsp;<\/strong>sunt utilizate pentru a v\u0103 recunoa\u0219te atunci c\u00e2nd reveni\u021bi pe site. Ele ne permit s\u0103 v\u0103 oferim func\u021bii \u00eembun\u0103t\u0103\u021bite, cum ar fi reamintirea preferin\u021belor dvs.&nbsp; Aceste fi\u0219iere de tip cookie colecteaz\u0103 informa\u021bii anonime;<\/li><li><strong>Analitice \u0219i privind performan\u021ba<\/strong>&nbsp;\u2013 cu ajutorul lor colect\u0103m informa\u021bii statistice despre modul \u00een care este utilizat site-ul (cele mai accesate pagini, mesje de eroare etc);<\/li><li><strong>Pentru marketing \u0219i identificarea publicului \u021bint\u0103<\/strong>&nbsp;\u2013 stocheaz\u0103 informa\u021bii despre vizita dumneavoastr\u0103, cum ar fi paginile \u0219i link-urile pe care le-a\u021bi accesat. Putem folosi aceste detalii pentru a v\u0103 afi\u0219a reclame potrivite intereselor dumneavoastr\u0103 \u0219i putem ajusta frecven\u021ba cu care v\u0103 sunt afi\u0219ate reclamele;<\/li><li><strong>Privind re\u021belele sociale<\/strong>&nbsp;\u2013 v\u0103 permit s\u0103 distribui\u021bi pe site activitatea dumneavostr\u0103 pe re\u021bele sociale (de ex. Facebook, Linkedin etc).&nbsp; Nu control\u0103m aceste fi\u0219iere de tip cookies.<\/li><li><strong>Alte tipuri de fi\u0219iere de tip cookie<\/strong>&nbsp;care pot fi utilizate ulterior. Vom actualiza aceast\u0103 politic\u0103 imediat ce situa\u021bia o va impune.<\/li><\/ul>\n\n\n\n<p>Site-ul nostru utilizeaz\u0103 anumite servicii ale unor ter\u021be p\u0103r\u021bi pentru a ob\u021bine informa\u021bii legate de utilizarea dumneavoastr\u0103. Aceste ter\u021be-p\u0103r\u021bi (ex. agen\u0163ii de publicitate, servicii de analiz\u0103 a traficului web) pot utiliza fi\u0219iere de tip cookie, asupra c\u0103rora nu exercit\u0103m niciun control.<\/p>\n\n\n\n<p><strong>Cookies utilizate \u00een scopuri statistice&nbsp;<\/strong><\/p>\n\n\n\n<p><strong>Google Analytics<\/strong><\/p>\n\n\n\n<p>Acest site utilizeaz\u0103 Google Analytics \u2013 serviciu pentru analiza traficului, furnizat de Google. Cookie-urile cu privire la utilizarea dumneavoastr\u0103 (inclusiv IP-ul dumneavoastr\u0103)&nbsp; vor fi transmise \u0219i stocate de Google pe servere care pot fi localizate \u00een UE, SEE \u015fi\/sau Statele Unite. Google elaboreaz\u0103, pe baza acestor date, rapoarte cu privire la activitatea site-ului. Google poate transfera aceste informa\u021bii c\u0103tre ter\u021bi \u00een cazul \u00een care are aceast\u0103 obliga\u0163ie conform legii sau \u00een cazul \u00een care ace\u0219ti ter\u021bi prelucreaz\u0103 informa\u021biile \u00een numele Google. Google nu va asocia adresa dumneavoastr\u0103 IP cu alte date de\u021binute de Google.<\/p>\n\n\n\n<p>Pute\u021bi renun\u021ba la Google Analytics f\u0103r\u0103 a afecta modul \u00een care pute\u021bi vizita site-ul nostru web.<\/p>\n\n\n\n<p>Informa\u021bii detaliate cu privire la Google Analytics \u0219i protec\u021bia datelor cu caracter personal (inclusiv modul \u00een care pute\u021bi controla informa\u021biile trimise c\u0103tre Google) pot fi g\u0103site la:&nbsp;<a href=\"https:\/\/policies.google.com\/privacy\/partners\">https:\/\/policies.google.com\/privacy\/partners<\/a>.<\/p>\n\n\n\n<p>Pentru a \u00eempiedica monitorizarea prin acest tip de cookie, pute\u021bi instala un add-in pe browserul dvs. web (<a href=\"http:\/\/tools.google.com\/dlpage\/gaoptout\">http:\/\/tools.google.com\/dlpage\/gaoptout<\/a>).<\/p>\n\n\n\n<p><strong>Pentru reclame<\/strong><\/p>\n\n\n\n<p>Pentru a primi anun\u021buri publicitare \u0219i con\u021binut de marketing, personalizate \u00een func\u021bie de preferin\u021bele dvs., Website-ul nostru utilizeaz\u0103 tehnologia DoubleClick for Publishers (DFP) \u015fi Google Ad Exchange, furnizate de Google. Informa\u021biile generate de fi\u0219ierele de tip cookie vor fi transmise \u0219i stocate de Google.&nbsp;<\/p>\n\n\n\n<p><strong>Fi\u0219iere de tip cookie privind re\u021belele sociale<\/strong><\/p>\n\n\n\n<p>Ter\u0163e p\u0103r\u0163i care furnizeaz\u0103 servicii pot plasa propriile lor fi\u015fiere de tip cookie \u00een vederea monitoriz\u0103rii performan\u0163ei aplica\u0163iilor lor. C\u00e2nd distribui\u0163i un articol, platforma re\u0163elei va \u00eenregistra aceast\u0103 ac\u021biune. Putem avea con\u0163inut embedded (ex. video YouTube). Ace\u015fti ter\u0163i pot s\u0103-\u015fi plaseze propriile fi\u015fiere de tip cookie. Aceste fi\u015fiere nu pot fi accesate de noi.<\/p>\n\n\n\n<p><strong>Modul de folosire al&nbsp; cookie-urilor<\/strong><\/p>\n\n\n\n<p>O vizit\u0103 pe acest site poate plasa urm\u0103toarele tipuri de cookie-uri:<\/p>\n\n\n\n<ul class=\"wp-block-list\"><li>cookie-uri strict necesare pentru func\u021bionarea site-ului;<\/li><li>cookie-uri de analiz\u0103;<\/li><li>cookie-uri pentru publicitate.<\/li><\/ul>\n\n\n\n<p>Cookie-urile strict necesare sunt esen\u021biale pentru buna func\u021bionare a site-ului, fiind setate pe dispozitivul dvs. la accesarea site-ului sau \u00een urma ac\u021biunilor efectuate \u00een site, dup\u0103 caz. Pute\u021bi seta browser-ul dvs. pentru a bloca cookie-urile, \u00eens\u0103 \u00een acest caz anumite sec\u021biuni ale site-ului nu vor func\u021biona corect.<\/p>\n\n\n\n<p>Celelalte categorii de cookie-uri au rolul indicat la sec\u021biunea Ce tipuri de cookie-uri folosim?<\/p>\n\n\n\n<p><strong>Con\u021bin cookie-urile date personale?<\/strong><\/p>\n\n\n\n<p>Cookie-urile \u00een sine nu solicit\u0103 informa\u021bii cu caracter personal pentru a putea fi utilizate \u0219i, \u00een multe cazuri, nici nu identific\u0103 personal utilizatorii de Internet. Exist\u0103 \u00eens\u0103 situa\u021bii c\u00e2nd datele personale pot fi colectate prin utilizarea cookie-urilor pentru a facilita anumite func\u021bionalit\u0103\u021bi pentru utilizator sau pentru a oferi utilizatorului o experien\u021b\u0103 mai adaptat\u0103 preferin\u021belor sale. Astfel de date sunt criptate \u00eentr-un mod care face imposibil accesul persoanelor neautorizate la ele.<\/p>\n\n\n\n<p><strong>Blocare cookie-uri<\/strong><\/p>\n\n\n\n<p>\u00cen cazul \u00een care dori\u021bi s\u0103 bloca\u021bi cookie-urile, unele func\u021bionalit\u0103\u021bi ale site\u2011ului vor fi oprite, iar acest lucru poate genera anumite disfunc\u021bionalit\u0103\u021bi sau erori \u00een folosirea site-ului.&nbsp;<\/p>\n\n\n\n<p>Cele mai multe browsere sunt setate implicit s\u0103 accepte cookie-uri, dar ave\u021bi posibilitatea s\u0103 modifica\u021bi set\u0103rile pentru a bloca unele sau toate cookie-urile.<\/p>\n\n\n\n<p>Dac\u0103 nu dori\u021bi ca AB Tehnic Profesional s\u0103 plaseze module cookie pe dispozitivul dvs., pute\u021bi refuza utilizarea cookie-urilor prin set\u0103rile sau op\u021biunile browserului. De asemenea, pute\u021bi refuza doar cookie-urile partenerilor nostri. Trebuie s\u0103 ajusta\u021bi separat setarile pentru fiecare browser \u0219i pentru fiecare echipament utilizat (laptop, telefon, tablet\u0103 etc.).&nbsp;<\/p>\n\n\n\n<p><strong>Administrarea preferin\u021belor cu privire la plasarea de cookie-uri<\/strong><\/p>\n\n\n\n<p>\u00cen general, o aplica\u021bie folosit\u0103 pentru accesarea paginilor web permite salvarea cookie-urilor pe terminal \u00een mod implicit. Acestea sunt stocate pe perioade descrise \u00een tabelul de la&nbsp;sec\u021biunea Ce tipuri de cookie-uri folosim?.&nbsp;Aceste set\u0103ri pot fi schimbate \u00een a\u0219a fel \u00eenc\u00e2t administrarea automat\u0103 a cookie-urilor s\u0103 fie blocat\u0103 de browser-ul web sau utilizatorul s\u0103 fie informat de fiecare dat\u0103 c\u00e2nd cookie-uri sunt trimise c\u0103tre terminalul s\u0103u.<\/p>\n\n\n\n<p>Informa\u021bii detaliate despre posibilit\u0103\u021bile \u0219i modurile de administrare a cookie-urilor pot fi g\u0103site \u00een zona de set\u0103ri a aplica\u021biei (browser-ului web). Limitarea folosirii cookie-urilor poate afecta anumite func\u021bionalit\u0103\u021bi ale site-ului.<\/p>\n\n\n\n<p><strong>De ce sunt cookie-urile importante pentru Internet?<\/strong><\/p>\n\n\n\n<p>Cookie-urile reprezint\u0103 un punct central al func\u021bion\u0103rii eficiente a Internetului, ajut\u00e2nd la generarea unei experien\u021be de navigare prietenoase \u0219i adaptate preferin\u021belor \u0219i intereselor fiec\u0103rui utilizator. Refuzarea sau dezactivarea cookie-urilor poate face unele site-uri sau p\u0103r\u021bi ale site-urilor imposibil de folosit.<\/p>\n\n\n\n<p>Dezactivarea cookie-urilor nu \u00eenseamn\u0103 c\u0103 nu ve\u021bi mai primi, cu respectarea legisla\u021biei, publicitate online, ci doar c\u0103 aceasta nu va mai putea \u021bine cont de preferin\u021bele \u0219i interesele dvs., eviden\u021biate prin comportamentul de navigare.<\/p>\n\n\n\n<p><strong>Securitate \u0219i aspecte legate de confiden\u021bialitate<\/strong><\/p>\n\n\n\n<p>\u00cen general browser-ele au integrate set\u0103ri de confiden\u021bialitate care furnizeaz\u0103 diferite niveluri de acceptare ale cookie-urilor, perioada de valabilitate \u0219i \u0219tergere automat\u0103 dup\u0103 ce utilizatorul a vizitat un anumit site.<\/p>\n\n\n\n<p>Alte aspecte de securitate legate de cookie-uri:<\/p>\n\n\n\n<ul class=\"wp-block-list\"><li>Particularizarea set\u0103rilor browserului \u00een ceea ce prive\u0219te cookie-urile pentru a reflecta un nivel confortabil pentru dumneavoastr\u0103 al securit\u0103\u021bii utiliz\u0103rii cookie-urilor.<\/li><li>Dac\u0103 sunte\u021bi singura persoan\u0103 care utilizeaz\u0103 computerul, pute\u021bi seta, dac\u0103 dori\u021bi, termene lungi de expirare pentru stocarea istoricului de navigare \u0219i a datelor personale de acces.<\/li><li>Dac\u0103 \u00eemp\u0103r\u021bi\u021bi accesul la calculator, pute\u021bi lua \u00een considerare setarea browserului pentru a \u0219terge datele individuale de navigare de fiecare dat\u0103 c\u00e2nd \u00eenchide\u021bi browserul. Aceasta este o variant\u0103 de a accesa site-urile care plaseaz\u0103 cookie-uri \u0219i de a \u0219terge orice informa\u021bie de vizitare la \u00eenchiderea sesiunii de navigare.<\/li><\/ul>\n\n\n\n<p><strong>Linkuri utile<\/strong><\/p>\n\n\n\n<p>Pentru a afla mai multe informa\u021bii despre cookie-uri \u0219i la ce sunt utilizate, recomand\u0103m urm\u0103toarele linkuri:<\/p>\n\n\n\n<ul class=\"wp-block-list\"><li><a href=\"http:\/\/www.allaboutcookies.org\/\">http:\/\/www.allaboutcookies.org\/<\/a><\/li><li><a href=\"https:\/\/support.microsoft.com\/en-us\/help\/260971\/description-of-cookies\">https:\/\/support.microsoft.com\/en-us\/help\/260971\/description-of-cookies<\/a><\/li><li><a href=\"http:\/\/www.youronlinechoices.com\/\">http:\/\/www.youronlinechoices.com<\/a>.<\/li><\/ul>\n\n\n\n<p>Prezenta politic\u0103 se completeaz\u0103 cu&nbsp;<a href=\"https:\/\/www.abtehnic.ro\/termeni-si-conditii\/\">Termenii \u0219i condi\u021biile<\/a><a href=\"https:\/\/www.abtehnic.ro\/termeni-si-conditii\/#disclaimer\">, Disclaimer-ul<\/a>&nbsp;\u0219i Politica&nbsp;privind prelucrarea datelor cu caracter personal.<\/p>\n\n\n\n<p>Pentru \u00eentreb\u0103ri suplimentare ne puteti contacta la:<\/p>\n\n\n\n<p>SC AB Tehnic Profesional SRL<\/p>\n\n\n\n<p>Sediu: Bucure\u0219ti, str Aluni\u0219ului nr.164, sectorul 4,<\/p>\n\n\n\n<p>Telefon 0213.320.848,<\/p>\n\n\n\n<p>Fax 037.22.55.284,<\/p>\n\n\n\n<p>Cod unic de \u00eenregistrare RO 14514176<\/p>\n\n\n\n<p>Numar. de ordine \u00een registrul comer\u0163ului J40\/2001\/2002,<\/p>\n\n\n\n<p>e-Mail&nbsp;<a href=\"mailto:office@abtehnic.ro\">office@abtehnic.ro<\/a><\/p>\n","protected":false},"excerpt":{"rendered":"<p>Prezenta politic\u0103 se refer\u0103 la cookie-urile \u0219i pagina web operat\u0103 de SC AB Tehnic Profesional SRL cu sediul \u00een Bucure\u0219ti, str Aluni\u0219ului, nr.164, sectorul 4. Ce sunt cookie-urile? Cookie-urile sunt fi\u0219iere de mici dimensiuni, formate din litere \u0219i numere, care vor fi stocate pe computerul, terminalul mobil sau orice alte echipamente ale unui utilizator de [&hellip;]<\/p>\n","protected":false},"author":1,"featured_media":0,"parent":0,"menu_order":0,"comment_status":"closed","ping_status":"closed","template":"page-lvd-basic.php","meta":{"_acf_changed":false,"footnotes":""},"class_list":["post-630","page","type-page","status-publish","hentry"],"acf":[],"yoast_head":"<!-- This site is optimized with the Yoast SEO plugin v27.5 - https:\/\/yoast.com\/product\/yoast-seo-wordpress\/ -->\n<title>Politica de cookie-uri - AB Tehnic<\/title>\n<meta name=\"robots\" content=\"index, follow, max-snippet:-1, max-image-preview:large, max-video-preview:-1\" \/>\n<link rel=\"canonical\" href=\"https:\/\/naturalrefrigerants.ro\/int\/politica-de-cookie-uri\/\" \/>\n<meta property=\"og:locale\" content=\"en_US\" \/>\n<meta property=\"og:type\" content=\"article\" \/>\n<meta property=\"og:title\" content=\"Politica de cookie-uri - AB Tehnic\" \/>\n<meta property=\"og:description\" content=\"Prezenta politic\u0103 se refer\u0103 la cookie-urile \u0219i pagina web operat\u0103 de SC AB Tehnic Profesional SRL cu sediul \u00een Bucure\u0219ti, str Aluni\u0219ului, nr.164, sectorul 4. Ce sunt cookie-urile? Cookie-urile sunt fi\u0219iere de mici dimensiuni, formate din litere \u0219i numere, care vor fi stocate pe computerul, terminalul mobil sau orice alte echipamente ale unui utilizator de [&hellip;]\" \/>\n<meta property=\"og:url\" content=\"https:\/\/naturalrefrigerants.ro\/int\/politica-de-cookie-uri\/\" \/>\n<meta property=\"og:site_name\" content=\"AB Tehnic\" \/>\n<meta name=\"twitter:card\" content=\"summary_large_image\" \/>\n<meta name=\"twitter:label1\" content=\"Est. reading time\" \/>\n\t<meta name=\"twitter:data1\" content=\"8 minutes\" \/>\n<script type=\"application\/ld+json\" class=\"yoast-schema-graph\">{\"@context\":\"https:\\\/\\\/schema.org\",\"@graph\":[{\"@type\":\"WebPage\",\"@id\":\"https:\\\/\\\/naturalrefrigerants.ro\\\/int\\\/politica-de-cookie-uri\\\/\",\"url\":\"https:\\\/\\\/naturalrefrigerants.ro\\\/int\\\/politica-de-cookie-uri\\\/\",\"name\":\"Politica de cookie-uri - AB Tehnic\",\"isPartOf\":{\"@id\":\"https:\\\/\\\/naturalrefrigerants.ro\\\/int\\\/#website\"},\"datePublished\":\"2022-10-05T19:24:13+00:00\",\"breadcrumb\":{\"@id\":\"https:\\\/\\\/naturalrefrigerants.ro\\\/int\\\/politica-de-cookie-uri\\\/#breadcrumb\"},\"inLanguage\":\"en-US\",\"potentialAction\":[{\"@type\":\"ReadAction\",\"target\":[\"https:\\\/\\\/naturalrefrigerants.ro\\\/int\\\/politica-de-cookie-uri\\\/\"]}]},{\"@type\":\"BreadcrumbList\",\"@id\":\"https:\\\/\\\/naturalrefrigerants.ro\\\/int\\\/politica-de-cookie-uri\\\/#breadcrumb\",\"itemListElement\":[{\"@type\":\"ListItem\",\"position\":1,\"name\":\"Natural Refrigerants\",\"item\":\"https:\\\/\\\/naturalrefrigerants.ro\\\/int\\\/\"},{\"@type\":\"ListItem\",\"position\":2,\"name\":\"Politica de cookie-uri\"}]},{\"@type\":\"WebSite\",\"@id\":\"https:\\\/\\\/naturalrefrigerants.ro\\\/int\\\/#website\",\"url\":\"https:\\\/\\\/naturalrefrigerants.ro\\\/int\\\/\",\"name\":\"AB Tehnic\",\"description\":\"\",\"potentialAction\":[{\"@type\":\"SearchAction\",\"target\":{\"@type\":\"EntryPoint\",\"urlTemplate\":\"https:\\\/\\\/naturalrefrigerants.ro\\\/int\\\/?s={search_term_string}\"},\"query-input\":{\"@type\":\"PropertyValueSpecification\",\"valueRequired\":true,\"valueName\":\"search_term_string\"}}],\"inLanguage\":\"en-US\"}]}<\/script>\n<!-- \/ Yoast SEO plugin. -->","yoast_head_json":{"title":"Politica de cookie-uri - AB Tehnic","robots":{"index":"index","follow":"follow","max-snippet":"max-snippet:-1","max-image-preview":"max-image-preview:large","max-video-preview":"max-video-preview:-1"},"canonical":"https:\/\/naturalrefrigerants.ro\/int\/politica-de-cookie-uri\/","og_locale":"en_US","og_type":"article","og_title":"Politica de cookie-uri - AB Tehnic","og_description":"Prezenta politic\u0103 se refer\u0103 la cookie-urile \u0219i pagina web operat\u0103 de SC AB Tehnic Profesional SRL cu sediul \u00een Bucure\u0219ti, str Aluni\u0219ului, nr.164, sectorul 4. Ce sunt cookie-urile? Cookie-urile sunt fi\u0219iere de mici dimensiuni, formate din litere \u0219i numere, care vor fi stocate pe computerul, terminalul mobil sau orice alte echipamente ale unui utilizator de [&hellip;]","og_url":"https:\/\/naturalrefrigerants.ro\/int\/politica-de-cookie-uri\/","og_site_name":"AB Tehnic","twitter_card":"summary_large_image","twitter_misc":{"Est. reading time":"8 minutes"},"schema":{"@context":"https:\/\/schema.org","@graph":[{"@type":"WebPage","@id":"https:\/\/naturalrefrigerants.ro\/int\/politica-de-cookie-uri\/","url":"https:\/\/naturalrefrigerants.ro\/int\/politica-de-cookie-uri\/","name":"Politica de cookie-uri - AB Tehnic","isPartOf":{"@id":"https:\/\/naturalrefrigerants.ro\/int\/#website"},"datePublished":"2022-10-05T19:24:13+00:00","breadcrumb":{"@id":"https:\/\/naturalrefrigerants.ro\/int\/politica-de-cookie-uri\/#breadcrumb"},"inLanguage":"en-US","potentialAction":[{"@type":"ReadAction","target":["https:\/\/naturalrefrigerants.ro\/int\/politica-de-cookie-uri\/"]}]},{"@type":"BreadcrumbList","@id":"https:\/\/naturalrefrigerants.ro\/int\/politica-de-cookie-uri\/#breadcrumb","itemListElement":[{"@type":"ListItem","position":1,"name":"Natural Refrigerants","item":"https:\/\/naturalrefrigerants.ro\/int\/"},{"@type":"ListItem","position":2,"name":"Politica de cookie-uri"}]},{"@type":"WebSite","@id":"https:\/\/naturalrefrigerants.ro\/int\/#website","url":"https:\/\/naturalrefrigerants.ro\/int\/","name":"AB Tehnic","description":"","potentialAction":[{"@type":"SearchAction","target":{"@type":"EntryPoint","urlTemplate":"https:\/\/naturalrefrigerants.ro\/int\/?s={search_term_string}"},"query-input":{"@type":"PropertyValueSpecification","valueRequired":true,"valueName":"search_term_string"}}],"inLanguage":"en-US"}]}},"_links":{"self":[{"href":"https:\/\/naturalrefrigerants.ro\/int\/wp-json\/wp\/v2\/pages\/630","targetHints":{"allow":["GET"]}}],"collection":[{"href":"https:\/\/naturalrefrigerants.ro\/int\/wp-json\/wp\/v2\/pages"}],"about":[{"href":"https:\/\/naturalrefrigerants.ro\/int\/wp-json\/wp\/v2\/types\/page"}],"author":[{"embeddable":true,"href":"https:\/\/naturalrefrigerants.ro\/int\/wp-json\/wp\/v2\/users\/1"}],"replies":[{"embeddable":true,"href":"https:\/\/naturalrefrigerants.ro\/int\/wp-json\/wp\/v2\/comments?post=630"}],"version-history":[{"count":0,"href":"https:\/\/naturalrefrigerants.ro\/int\/wp-json\/wp\/v2\/pages\/630\/revisions"}],"wp:attachment":[{"href":"https:\/\/naturalrefrigerants.ro\/int\/wp-json\/wp\/v2\/media?parent=630"}],"curies":[{"name":"wp","href":"https:\/\/api.w.org\/{rel}","templated":true}]}}